{"id":108,"date":"2017-05-06T18:02:28","date_gmt":"2017-05-06T16:02:28","guid":{"rendered":"http:\/\/www.mirabeille.com\/?page_id=108"},"modified":"2017-05-22T17:59:16","modified_gmt":"2017-05-22T15:59:16","slug":"decouvrez","status":"publish","type":"page","link":"http:\/\/www.mirabeille.com\/index.php\/decouvrez\/","title":{"rendered":"D\u00e9couvrez"},"content":{"rendered":"<p><div class=\"fusion-fullwidth fullwidth-box fusion-builder-row-1 nonhundred-percent-fullwidth non-hundred-percent-height-scrolling\" style=\"background-color: rgba(255,255,255,0);background-position: center center;background-repeat: no-repeat;padding-top:0px;padding-right:0px;padding-bottom:0px;padding-left:0px;margin-bottom: 0px;margin-top: 0px;border-width: 0px 0px 0px 0px;border-color:#eae9e9;border-style:solid;\" ><div class=\"fusion-builder-row fusion-row\"><div class=\"fusion-layout-column fusion_builder_column fusion-builder-column-0 fusion_builder_column_2_3 2_3 fusion-two-third fusion-column-first\" style=\"width:65.3333%; margin-right: 4%;margin-top:0px;margin-bottom:0px;\"><div class=\"fusion-column-wrapper fusion-flex-column-wrapper-legacy\" style=\"background-position:left top;background-repeat:no-repeat;-webkit-background-size:cover;-moz-background-size:cover;-o-background-size:cover;background-size:cover;padding: 0px 0px 0px 0px;\"><div class=\"fusion-text fusion-text-1\" style=\"transform:translate3d(0,0,0);\"><p>Nous vous proposons de vernir \u00e0 notre rencontre pour parler des abeilles et vous permettre de d\u00e9couvrir leur monde. C\u2019est notre proposition \u00ab\u00a0<u>D\u00e9couvrez<\/u>\u00a0\u00bb.<\/p>\n<p>Chaque samedi matin de 9h30 \u00e0 11h30, retrouvez nous \u00e0 Xirocourt, par groupes de 10 \u00e0 12 personnes au maximum, pour une pr\u00e9sentation du mondes des abeilles suivant le fil directeur de nos pratiques apicoles. Vous d\u00e9couvrirez ainsi les abeilles et l\u2019apiculture. Cette pr\u00e9sentation est gratuite.<\/p>\n<\/div><div class=\"fusion-clearfix\"><\/div><\/div><\/div><div class=\"fusion-layout-column fusion_builder_column fusion-builder-column-1 fusion_builder_column_1_3 1_3 fusion-one-third fusion-column-last\" style=\"width:30.6666%;margin-top:0px;margin-bottom:20px;\"><div class=\"fusion-column-wrapper fusion-flex-column-wrapper-legacy\" style=\"background-position:left top;background-repeat:no-repeat;-webkit-background-size:cover;-moz-background-size:cover;-o-background-size:cover;background-size:cover;padding: 0px 0px 0px 0px;\"><span class=\" fusion-imageframe imageframe-none imageframe-1 hover-type-none\"><img decoding=\"async\" width=\"150\" height=\"150\" title=\"OLYMPUS DIGITAL CAMERA\" src=\"http:\/\/www.mirabeille.com\/wp-content\/uploads\/2017\/05\/2014.05.10-Journ\u00e9e-Apicolab_IWOOD-3-150x150.jpg\" class=\"img-responsive wp-image-181\" srcset=\"http:\/\/www.mirabeille.com\/wp-content\/uploads\/2017\/05\/2014.05.10-Journ\u00e9e-Apicolab_IWOOD-3-66x66.jpg 66w, http:\/\/www.mirabeille.com\/wp-content\/uploads\/2017\/05\/2014.05.10-Journ\u00e9e-Apicolab_IWOOD-3-150x150.jpg 150w\" sizes=\"(max-width: 150px) 100vw, 150px\" \/><\/span><div class=\"fusion-clearfix\"><\/div><\/div><\/div><\/div><\/div><div class=\"fusion-fullwidth fullwidth-box fusion-builder-row-2 nonhundred-percent-fullwidth non-hundred-percent-height-scrolling\" style=\"background-color: rgba(255,255,255,0);background-position: center center;background-repeat: no-repeat;padding-top:0px;padding-right:0px;padding-bottom:0px;padding-left:0px;margin-bottom: 0px;margin-top: 0px;border-width: 0px 0px 0px 0px;border-color:#eae9e9;border-style:solid;\" ><div class=\"fusion-builder-row fusion-row\"><div class=\"fusion-layout-column fusion_builder_column fusion-builder-column-2 fusion_builder_column_1_1 1_1 fusion-one-full fusion-column-first fusion-column-last\" style=\"margin-top:0px;margin-bottom:0px;\"><div class=\"fusion-column-wrapper fusion-flex-column-wrapper-legacy\" style=\"background-position:left top;background-repeat:no-repeat;-webkit-background-size:cover;-moz-background-size:cover;-o-background-size:cover;background-size:cover;padding: 0px 0px 0px 0px;\"><div class=\"fusion-text fusion-text-2\" style=\"transform:translate3d(0,0,0);\"><p>La pr\u00e9sentation se fait en salle ou \u00e0 l\u2019ext\u00e9rieur selon la m\u00e9t\u00e9o, et sur <u>confirmation de votre pr\u00e9sence au travers de notre rubrique \u00ab\u00a0produits, services, boutique\u00a0\u00bb ou sur appel t\u00e9l\u00e9phonique<\/u>.<\/p>\n<p>Au-del\u00e0 de l\u2019accueil des participants et du temps consacr\u00e9 \u00e0 faire un peu connaissance, la pr\u00e9sentation propos\u00e9e dure une vingtaine de minutes, suivie d\u2019\u00e9changes et questions, voire si le temps le permet d\u2019une br\u00e8ve visite de l\u2019environnement d\u2019un rucher.<\/p>\n<p>Les familles et les enfants sont \u00e9videmment les bienvenus.<\/p>\n<p>Par exp\u00e9rience ces pr\u00e9sentations sont toujours tr\u00e8s appr\u00e9ci\u00e9es de nos visiteurs.<\/p>\n<p>Par contre cette pr\u00e9sentation n\u2019est pas faite pour des apiculteurs, qui s\u2019y ennuieraient probablement. Nous sommes \u00e0 l\u2019\u00e9coute de nos confr\u00e8res sur rendez-vous apr\u00e8s \u00e9change t\u00e9l\u00e9phonique.<\/p>\n<\/div><div class=\"fusion-clearfix\"><\/div><\/div><\/div><\/div><\/div><\/p>\n","protected":false},"excerpt":{"rendered":"","protected":false},"author":2,"featured_media":0,"parent":0,"menu_order":0,"comment_status":"closed","ping_status":"closed","template":"","meta":{"footnotes":""},"class_list":["post-108","page","type-page","status-publish","hentry"],"_links":{"self":[{"href":"http:\/\/www.mirabeille.com\/index.php\/wp-json\/wp\/v2\/pages\/108","targetHints":{"allow":["GET"]}}],"collection":[{"href":"http:\/\/www.mirabeille.com\/index.php\/wp-json\/wp\/v2\/pages"}],"about":[{"href":"http:\/\/www.mirabeille.com\/index.php\/wp-json\/wp\/v2\/types\/page"}],"author":[{"embeddable":true,"href":"http:\/\/www.mirabeille.com\/index.php\/wp-json\/wp\/v2\/users\/2"}],"replies":[{"embeddable":true,"href":"http:\/\/www.mirabeille.com\/index.php\/wp-json\/wp\/v2\/comments?post=108"}],"version-history":[{"count":4,"href":"http:\/\/www.mirabeille.com\/index.php\/wp-json\/wp\/v2\/pages\/108\/revisions"}],"predecessor-version":[{"id":270,"href":"http:\/\/www.mirabeille.com\/index.php\/wp-json\/wp\/v2\/pages\/108\/revisions\/270"}],"wp:attachment":[{"href":"http:\/\/www.mirabeille.com\/index.php\/wp-json\/wp\/v2\/media?parent=108"}],"curies":[{"name":"wp","href":"https:\/\/api.w.org\/{rel}","templated":true}]}}