{"id":112,"date":"2017-05-06T18:03:06","date_gmt":"2017-05-06T16:03:06","guid":{"rendered":"http:\/\/www.mirabeille.com\/?page_id=112"},"modified":"2017-05-22T18:00:55","modified_gmt":"2017-05-22T16:00:55","slug":"comprenez","status":"publish","type":"page","link":"http:\/\/www.mirabeille.com\/index.php\/comprenez\/","title":{"rendered":"Comprenez"},"content":{"rendered":"<p>Nous proposons de vous former afin que vous puissiez avoir une pratique sereine, consciente, efficace et responsable\u00a0: notre proposition \u00ab\u00a0<u>Comprenez<\/u>\u00a0\u00bb. Cette formation d\u2019une journ\u00e9e ne peut suffire pour une pratique ma\u00eetris\u00e9e mais elle vous permettra de d\u00e9marrer sereinement, ou a minima de d\u00e9cider ou non de d\u00e9marrer.<\/p>\n<p>&nbsp;<\/p>\n<p>La ruche support de formation est une divisible, WARRE en premier lieu et VOIRNOT le cas \u00e9ch\u00e9ant (notre exp\u00e9rience en VOIRNOT est encore r\u00e9duite).<\/p>\n<p>Les stages sont organis\u00e9s sur demande (ou autrement dit-nous nous adaptons \u00e0 votre calendrier et ouvrons ensuite les stages programm\u00e9s \u00e0 d\u2019autres participants), sur une journ\u00e9e, entre 9h00 et 18h00 avec repas pris en commun (tir\u00e9 du sac ou r\u00e9servation traiteur).<\/p>\n<p>La matin\u00e9e est consacr\u00e9e \u00e0 la formation \u00ab\u00a0en salle\u00a0\u00bb (pr\u00e9sentation vid\u00e9o et supports remis aux participants) et traite de l\u2019abeille, la ruche, le cycle annuel de l\u2019abeille et des travaux apicoles, la s\u00e9curit\u00e9 et la r\u00e9glementation.<\/p>\n<p>L\u2019apr\u00e8s-midi se d\u00e9roule sur le terrain, un ou plusieurs ruchers, pour permettre la pr\u00e9sentation des ruchers, l\u2019observation des ruches\u00a0 et leur manipulation en situation de travail. La journ\u00e9e de formation se termine avec une \u00e9valuation et un \u00abdebriefing\u00bb dont l\u2019enjeu pour vous sera \u00ab\u00a0Stop ou encore\u00a0? Et comment\u00a0?\u00a0\u00bb<\/p>\n<p>Notre objectif est que chacun des participants trouve des r\u00e9ponses \u00e0 ses interrogations, et puisse confirmer ou pas, en toute connaissance de cause, s\u2019il poursuit dans son projet de devenir apiculteur, suivant quelle \u00ab\u00a0philosophie\u00a0\u00bb, et le cas \u00e9ch\u00e9ant selon quel parcours.<\/p>\n<p>Du fait de cet objectif, nos groupes de formation sont id\u00e9alement limit\u00e9s \u00e0 six participants, dix au maximum si certains participants viennent avec un conjoint ou un enfant.<\/p>\n<p>Pour davantage de pr\u00e9cisions ou vous inscrire, voir notre rubrique \u00ab<a href=\"http:\/\/www.mirabeille.com\/index.php\/services\/\">\u00a0<u>Produits, Services, Boutique<\/u><\/a>\u00a0\u00bb \u00e0 la proposition \u00ab\u00a0<u>Comprenez<\/u>\u00a0\u00bb<\/p>\n","protected":false},"excerpt":{"rendered":"<p>Nous proposons de vous former afin que vous puissiez avoir une pratique sereine, consciente, efficace et responsable\u00a0: notre proposition \u00ab\u00a0Comprenez\u00a0\u00bb. Cette formation d\u2019une journ\u00e9e ne peut suffire pour une pratique ma\u00eetris\u00e9e mais elle vous permettra de d\u00e9marrer sereinement, ou a minima de d\u00e9cider ou non de d\u00e9marrer. &nbsp; La ruche support de formation est une [&hellip;]<\/p>\n","protected":false},"author":2,"featured_media":0,"parent":0,"menu_order":0,"comment_status":"closed","ping_status":"closed","template":"","meta":{"footnotes":""},"class_list":["post-112","page","type-page","status-publish","hentry"],"_links":{"self":[{"href":"http:\/\/www.mirabeille.com\/index.php\/wp-json\/wp\/v2\/pages\/112","targetHints":{"allow":["GET"]}}],"collection":[{"href":"http:\/\/www.mirabeille.com\/index.php\/wp-json\/wp\/v2\/pages"}],"about":[{"href":"http:\/\/www.mirabeille.com\/index.php\/wp-json\/wp\/v2\/types\/page"}],"author":[{"embeddable":true,"href":"http:\/\/www.mirabeille.com\/index.php\/wp-json\/wp\/v2\/users\/2"}],"replies":[{"embeddable":true,"href":"http:\/\/www.mirabeille.com\/index.php\/wp-json\/wp\/v2\/comments?post=112"}],"version-history":[{"count":3,"href":"http:\/\/www.mirabeille.com\/index.php\/wp-json\/wp\/v2\/pages\/112\/revisions"}],"predecessor-version":[{"id":272,"href":"http:\/\/www.mirabeille.com\/index.php\/wp-json\/wp\/v2\/pages\/112\/revisions\/272"}],"wp:attachment":[{"href":"http:\/\/www.mirabeille.com\/index.php\/wp-json\/wp\/v2\/media?parent=112"}],"curies":[{"name":"wp","href":"https:\/\/api.w.org\/{rel}","templated":true}]}}