{"id":120,"date":"2017-05-06T18:03:49","date_gmt":"2017-05-06T16:03:49","guid":{"rendered":"http:\/\/www.mirabeille.com\/?page_id=120"},"modified":"2017-05-22T18:03:43","modified_gmt":"2017-05-22T16:03:43","slug":"agissez","status":"publish","type":"page","link":"http:\/\/www.mirabeille.com\/index.php\/agissez\/","title":{"rendered":"Agissez"},"content":{"rendered":"<p>Apr\u00e8s avoir suivi notre formation \u00ab\u00a0<u>Comprenez<\/u>\u00a0\u00bb et d\u00e9cid\u00e9 de poursuivre, vous avez choisi\u00a0:<\/p>\n<ul>\n<li>Notre proposition \u00ab\u00a0<u>Apprenez<\/u>\u00bb et l\u2019implantation provisoire de votre ruche sur un de nos ruchers mais soit vous manquez de temps, soit vous souhaitez \u00eatre accompagn\u00e9 lors de vos interventions.<\/li>\n<li>Ou finalement, de renoncer \u00e0 devenir \u00e0 devenir apiculteur tout en souhaitant \u00eatre un acteur conscient et investi dans l\u2019objectif du maintien de colonies d\u2019abeilles sociales sur nos territoires.<\/li>\n<\/ul>\n<p>Notre proposition \u00ab\u00a0<u>Agissez<\/u>\u00a0\u00bb r\u00e9pond \u00e0 cette alternative.<\/p>\n<p>Dans le premier cas nous nous substituons \u00e0 vous, ou vous accompagnons, pour les \u00e9tapes essentielles suivantes\u00a0: visite de Printemps, r\u00e9colte de Printemps, r\u00e9colte d\u2019\u00e9t\u00e9, visite d\u2019hivernage. Vous \u00eates toujours apiculteur et nous vous d\u00e9livrons un service particulier.<\/p>\n<p>Dans le deuxi\u00e8me cas, vous nous restituez votre colonie et votre ruche, mais vous \u00ab\u00a0adoptez\u00a0\u00bb l\u2019une et l\u2019autre, et devenez un \u00ab\u00a0Sponsor\u00a0\u00bb de MIRABEILLE en soutenant financi\u00e8rement notre activit\u00e9. En contrepartie \u00a0la ruche porte votre nom ou vos couleurs, nous vous donnons de ses nouvelles et la moiti\u00e9 du miel produit est pour vous (d\u00e9livr\u00e9 sur place ou \u00e0 Paris).<\/p>\n<p>Notre engagement \u00a0r\u00e9ciproque est annuel (du 1\u00b0 octobre au 30 septembre) et pour trois ans au maximum.<\/p>\n<p>Pour davantage de pr\u00e9cisions ou demander \u00e0 b\u00e9n\u00e9ficier de l\u2019un ou l\u2019autre de ces services, voir notre rubrique \u00ab\u00a0<a href=\"http:\/\/www.mirabeille.com\/index.php\/services\/\"><u>Produits, Services, Boutique<\/u><\/a>\u00a0\u00bb \u00e0 la proposition \u00ab\u00a0<u>Agissez<\/u>\u00a0\u00bb<\/p>\n","protected":false},"excerpt":{"rendered":"<p>Apr\u00e8s avoir suivi notre formation \u00ab\u00a0Comprenez\u00a0\u00bb et d\u00e9cid\u00e9 de poursuivre, vous avez choisi\u00a0: Notre proposition \u00ab\u00a0Apprenez\u00bb et l\u2019implantation provisoire de votre ruche sur un de nos ruchers mais soit vous manquez de temps, soit vous souhaitez \u00eatre accompagn\u00e9 lors de vos interventions. Ou finalement, de renoncer \u00e0 devenir \u00e0 devenir apiculteur tout en souhaitant \u00eatre [&hellip;]<\/p>\n","protected":false},"author":2,"featured_media":0,"parent":0,"menu_order":0,"comment_status":"closed","ping_status":"closed","template":"","meta":{"footnotes":""},"class_list":["post-120","page","type-page","status-publish","hentry"],"_links":{"self":[{"href":"http:\/\/www.mirabeille.com\/index.php\/wp-json\/wp\/v2\/pages\/120","targetHints":{"allow":["GET"]}}],"collection":[{"href":"http:\/\/www.mirabeille.com\/index.php\/wp-json\/wp\/v2\/pages"}],"about":[{"href":"http:\/\/www.mirabeille.com\/index.php\/wp-json\/wp\/v2\/types\/page"}],"author":[{"embeddable":true,"href":"http:\/\/www.mirabeille.com\/index.php\/wp-json\/wp\/v2\/users\/2"}],"replies":[{"embeddable":true,"href":"http:\/\/www.mirabeille.com\/index.php\/wp-json\/wp\/v2\/comments?post=120"}],"version-history":[{"count":2,"href":"http:\/\/www.mirabeille.com\/index.php\/wp-json\/wp\/v2\/pages\/120\/revisions"}],"predecessor-version":[{"id":274,"href":"http:\/\/www.mirabeille.com\/index.php\/wp-json\/wp\/v2\/pages\/120\/revisions\/274"}],"wp:attachment":[{"href":"http:\/\/www.mirabeille.com\/index.php\/wp-json\/wp\/v2\/media?parent=120"}],"curies":[{"name":"wp","href":"https:\/\/api.w.org\/{rel}","templated":true}]}}