{"id":45,"date":"2017-05-06T16:07:46","date_gmt":"2017-05-06T14:07:46","guid":{"rendered":"http:\/\/www.mirabeille.com\/?page_id=45"},"modified":"2017-05-11T09:21:55","modified_gmt":"2017-05-11T07:21:55","slug":"accueil","status":"publish","type":"page","link":"http:\/\/www.mirabeille.com\/index.php\/accueil\/","title":{"rendered":"Planche d&rsquo;envol"},"content":{"rendered":"<p><div class=\"fusion-fullwidth fullwidth-box fusion-builder-row-1 nonhundred-percent-fullwidth non-hundred-percent-height-scrolling\" style=\"background-color: rgba(255,255,255,0);background-position: center center;background-repeat: no-repeat;padding-top:0px;padding-right:0px;padding-bottom:0px;padding-left:0px;margin-bottom: 0px;margin-top: 0px;border-width: 0px 0px 0px 0px;border-color:#eae9e9;border-style:solid;\" ><div class=\"fusion-builder-row fusion-row\"><div class=\"fusion-layout-column fusion_builder_column fusion-builder-column-0 fusion_builder_column_1_1 1_1 fusion-one-full fusion-column-first fusion-column-last\" style=\"margin-top:0px;margin-bottom:20px;\"><div class=\"fusion-column-wrapper fusion-flex-column-wrapper-legacy\" style=\"background-position:left top;background-repeat:no-repeat;-webkit-background-size:cover;-moz-background-size:cover;-o-background-size:cover;background-size:cover;padding: 0px 0px 0px 0px;\"><div class=\"fusion-column-content-centered\"><div class=\"fusion-column-content\"><div class=\"fusion-text fusion-text-1\" style=\"transform:translate3d(0,0,0);\"><p><strong>Mirabeille Derni\u00e8re ! <\/strong>Retrouvez nos derni\u00e8res publications et video<\/p>\n<\/div><\/div><\/div><div class=\"fusion-clearfix\"><\/div><\/div><\/div><\/div><\/div><div class=\"fusion-fullwidth fullwidth-box fusion-builder-row-2 nonhundred-percent-fullwidth non-hundred-percent-height-scrolling\" style=\"background-color: rgba(255,255,255,0);background-position: center center;background-repeat: no-repeat;padding-top:0px;padding-right:0px;padding-bottom:0px;padding-left:0px;margin-bottom: 0px;margin-top: 0px;border-width: 0px 0px 0px 0px;border-color:#eae9e9;border-style:solid;\" ><div class=\"fusion-builder-row fusion-row\"><div class=\"fusion-layout-column fusion_builder_column fusion-builder-column-1 fusion_builder_column_1_3 1_3 fusion-one-third fusion-column-first\" style=\"width:33.333333333333%;width:calc(33.333333333333% - ( ( 4% + 4% ) * 0.33333333333333 ) );margin-right: 4%;margin-top:0px;margin-bottom:20px;\"><div class=\"fusion-column-wrapper fusion-flex-column-wrapper-legacy\" style=\"background-position:left top;background-repeat:no-repeat;-webkit-background-size:cover;-moz-background-size:cover;-o-background-size:cover;background-size:cover;padding: 0px 0px 0px 0px;\"><div class=\"fusion-recent-posts fusion-recent-posts-1 avada-container layout-default layout-columns-1\"><section class=\"fusion-columns columns fusion-columns-1 columns-1\"><article class=\"post fusion-column column col col-lg-12 col-md-12 col-sm-12\"><div class=\"fusion-flexslider fusion-flexslider-loading flexslider flexslider-hover-type-none\"><ul class=\"slides\"><li><a href=\"http:\/\/www.mirabeille.com\/index.php\/2017\/06\/06\/api-2014-sauvegarde-a-manoncourt-en-woevre\/\" aria-label=\"API 2014 &#8211; Sauvegarde \u00e0 Manoncourt en Woevre\" class=\"hover-type-none\"><img decoding=\"async\" width=\"226\" height=\"274\" src=\"http:\/\/www.mirabeille.com\/wp-content\/uploads\/2017\/05\/Fran\u00e7ois-1.jpg\" class=\"attachment-recent-posts size-recent-posts\" alt=\"\" srcset=\"http:\/\/www.mirabeille.com\/wp-content\/uploads\/2017\/05\/Fran\u00e7ois-1-200x242.jpg 200w, http:\/\/www.mirabeille.com\/wp-content\/uploads\/2017\/05\/Fran\u00e7ois-1.jpg 226w\" sizes=\"(max-width: 226px) 100vw, 226px\" \/><\/a><\/li><\/ul><\/div><div class=\"recent-posts-content\"><span class=\"vcard\" style=\"display: none;\"><span class=\"fn\"><a href=\"http:\/\/www.mirabeille.com\/index.php\/author\/alexandre\/\" title=\"Articles par Alexandre Phulpin\" rel=\"author\">Alexandre Phulpin<\/a><\/span><\/span><span class=\"updated\" style=\"display:none;\">2017-06-06T21:05:14+02:00<\/span><h4 class=\"entry-title\"><a href=\"http:\/\/www.mirabeille.com\/index.php\/2017\/06\/06\/api-2014-sauvegarde-a-manoncourt-en-woevre\/\">API 2014 &#8211; Sauvegarde \u00e0 Manoncourt en Woevre<\/a><\/h4><p>Sauvegarde \u00e0 Manoncourt en Woevre Un beau jour, H\u00e9l\u00e8ne et Jean-Marie nous ont appel\u00e9 pour se d\u00e9barrasser\u00a0 de ruches... familiales, c'est le mot ! Mais il s'est av\u00e9r\u00e9 qu'il s'agissait plut\u00f4t d'un sauvetage d'essaims (qui, [...]<\/p><\/div><\/article><\/section><\/div><div class=\"fusion-clearfix\"><\/div><\/div><\/div><div class=\"fusion-layout-column fusion_builder_column fusion-builder-column-2 fusion_builder_column_1_3 1_3 fusion-one-third\" style=\"width:33.333333333333%;width:calc(33.333333333333% - ( ( 4% + 4% ) * 0.33333333333333 ) );margin-right: 4%;margin-top:0px;margin-bottom:20px;\"><div class=\"fusion-column-wrapper fusion-flex-column-wrapper-legacy\" style=\"background-position:left top;background-repeat:no-repeat;-webkit-background-size:cover;-moz-background-size:cover;-o-background-size:cover;background-size:cover;padding: 0px 0px 0px 0px;\"><div class=\"fusion-recent-posts fusion-recent-posts-2 avada-container layout-default layout-columns-1\"><section class=\"fusion-columns columns fusion-columns-1 columns-1\"><article class=\"post fusion-column column col col-lg-12 col-md-12 col-sm-12\"><div class=\"fusion-flexslider fusion-flexslider-loading flexslider flexslider-hover-type-none\"><ul class=\"slides\"><li><a href=\"http:\/\/www.mirabeille.com\/index.php\/2017\/05\/11\/fiscalite-2016\/\" aria-label=\"Fiscalit\u00e9 2016\" class=\"hover-type-none\"><img decoding=\"async\" width=\"700\" height=\"441\" src=\"http:\/\/www.mirabeille.com\/wp-content\/uploads\/2017\/05\/DSC_5902-700x441.jpg\" class=\"attachment-recent-posts size-recent-posts\" alt=\"\" srcset=\"http:\/\/www.mirabeille.com\/wp-content\/uploads\/2017\/05\/DSC_5902-320x202.jpg 320w, http:\/\/www.mirabeille.com\/wp-content\/uploads\/2017\/05\/DSC_5902-700x441.jpg 700w\" sizes=\"(max-width: 700px) 100vw, 700px\" \/><\/a><\/li><\/ul><\/div><div class=\"recent-posts-content\"><span class=\"vcard\" style=\"display: none;\"><span class=\"fn\"><a href=\"http:\/\/www.mirabeille.com\/index.php\/author\/alexandre\/\" title=\"Articles par Alexandre Phulpin\" rel=\"author\">Alexandre Phulpin<\/a><\/span><\/span><span class=\"updated\" style=\"display:none;\">2017-05-22T17:34:11+02:00<\/span><h4 class=\"entry-title\"><a href=\"http:\/\/www.mirabeille.com\/index.php\/2017\/05\/11\/fiscalite-2016\/\">Fiscalit\u00e9 2016<\/a><\/h4><p>Des informations sur la fiscalit\u00e9 2016 ...<\/p><\/div><\/article><\/section><\/div><div class=\"fusion-clearfix\"><\/div><\/div><\/div><div class=\"fusion-layout-column fusion_builder_column fusion-builder-column-3 fusion_builder_column_1_3 1_3 fusion-one-third fusion-column-last\" style=\"width:33.333333333333%;width:calc(33.333333333333% - ( ( 4% + 4% ) * 0.33333333333333 ) );margin-top:0px;margin-bottom:20px;\"><div class=\"fusion-column-wrapper fusion-flex-column-wrapper-legacy\" style=\"background-position:left top;background-repeat:no-repeat;-webkit-background-size:cover;-moz-background-size:cover;-o-background-size:cover;background-size:cover;padding: 0px 0px 0px 0px;\"><div class=\"fusion-recent-posts fusion-recent-posts-3 avada-container layout-default layout-columns-1\"><section class=\"fusion-columns columns fusion-columns-1 columns-1\"><article class=\"post fusion-column column col col-lg-12 col-md-12 col-sm-12\"><div class=\"recent-posts-content\"><span class=\"vcard\" style=\"display: none;\"><span class=\"fn\"><a href=\"http:\/\/www.mirabeille.com\/index.php\/author\/alexandre\/\" title=\"Articles par Alexandre Phulpin\" rel=\"author\">Alexandre Phulpin<\/a><\/span><\/span><span class=\"updated\" style=\"display:none;\">2017-06-06T11:29:33+02:00<\/span><h4 class=\"entry-title\"><a href=\"http:\/\/www.mirabeille.com\/index.php\/2017\/06\/05\/capture-dessaim\/\">Capture d&rsquo;essaim<\/a><\/h4><p class=\"meta\"><span class=\"vcard\" style=\"display: none;\"><span class=\"fn\"><a href=\"http:\/\/www.mirabeille.com\/index.php\/author\/alexandre\/\" title=\"Articles par Alexandre Phulpin\" rel=\"author\">Alexandre Phulpin<\/a><\/span><\/span><span class=\"updated\" style=\"display:none;\">2017-06-06T11:29:33+02:00<\/span><span>juin 5th, 2017<\/span><span class=\"fusion-inline-sep\">|<\/span><span class=\"fusion-comments\"><span>Commentaires ferm\u00e9s<span class=\"screen-reader-text\"> sur Capture d&rsquo;essaim<\/span><\/span><\/span><\/p><p>    Voir toutes les video \u00a0   <\/p><\/div><\/article><\/section><\/div><div class=\"fusion-clearfix\"><\/div><\/div><\/div><\/div><\/div><\/p>\n","protected":false},"excerpt":{"rendered":"","protected":false},"author":2,"featured_media":0,"parent":0,"menu_order":0,"comment_status":"closed","ping_status":"closed","template":"100-width.php","meta":{"footnotes":""},"class_list":["post-45","page","type-page","status-publish","hentry"],"_links":{"self":[{"href":"http:\/\/www.mirabeille.com\/index.php\/wp-json\/wp\/v2\/pages\/45","targetHints":{"allow":["GET"]}}],"collection":[{"href":"http:\/\/www.mirabeille.com\/index.php\/wp-json\/wp\/v2\/pages"}],"about":[{"href":"http:\/\/www.mirabeille.com\/index.php\/wp-json\/wp\/v2\/types\/page"}],"author":[{"embeddable":true,"href":"http:\/\/www.mirabeille.com\/index.php\/wp-json\/wp\/v2\/users\/2"}],"replies":[{"embeddable":true,"href":"http:\/\/www.mirabeille.com\/index.php\/wp-json\/wp\/v2\/comments?post=45"}],"version-history":[{"count":20,"href":"http:\/\/www.mirabeille.com\/index.php\/wp-json\/wp\/v2\/pages\/45\/revisions"}],"predecessor-version":[{"id":218,"href":"http:\/\/www.mirabeille.com\/index.php\/wp-json\/wp\/v2\/pages\/45\/revisions\/218"}],"wp:attachment":[{"href":"http:\/\/www.mirabeille.com\/index.php\/wp-json\/wp\/v2\/media?parent=45"}],"curies":[{"name":"wp","href":"https:\/\/api.w.org\/{rel}","templated":true}]}}